{"id":81,"date":"2012-02-23T11:06:38","date_gmt":"2012-02-23T10:06:38","guid":{"rendered":"http:\/\/www.siea-bagnolesdelorne.fr\/?page_id=81"},"modified":"2018-10-26T11:07:00","modified_gmt":"2018-10-26T10:07:00","slug":"eau-potable","status":"publish","type":"page","link":"https:\/\/www.regieeauetassainissement-bagnolesdelorne.com\/?page_id=81","title":{"rendered":"Origine de l&rsquo;eau distribu\u00e9e"},"content":{"rendered":"<h5><em>Ce que les si\u00e8cles et les hommes ont laiss\u00e9 de l&rsquo;antique Chapelle de St-Ursin.<\/em><\/h5>\n<h4><em>L&rsquo;eau distribu\u00e9e\u00a0provient de St-Ursin situ\u00e9 sur le territoire communal de Ligni\u00e8res-Org\u00e8res en Mayenne.<\/em><\/h4>\n<address>\u00a0\u00a0\u00a0\u00a0\u00a0\u00a0\u00a0\u00a0\u00a0\u00a0\u00a0\u00a0\u00a0\u00a0\u00a0\u00a0\u00a0\u00a0\u00a0\u00a0\u00a0\u00a0\u00a0\u00a0\u00a0\u00a0\u00a0\u00a0\u00a0\u00a0\u00a0\u00a0\u00a0\u00a0\u00a0\u00a0\u00a0\u00a0\u00a0\u00a0\u00a0\u00a0\u00a0\u00a0\u00a0\u00a0\u00a0\u00a0\u00a0\u00a0\u00a0\u00a0\u00a0\u00a0\u00a0\u00a0\u00a0\u00a0\u00a0\u00a0\u00a0\u00a0\u00a0\u00a0\u00a0\u00a0<span style=\"color: #00ccff;\"> ______________________________<\/span><\/address>\n<h4>Outre le captage de <strong>St-Ursin<\/strong>, le Syndicat, par une interconnexion de r\u00e9seaux, peut prendre de l&rsquo;eau aupr\u00e8s du Syndicat mixte d&rsquo;achat d&rsquo;eau \u00e0 la Mayenne (<strong>Barrage de <\/strong><strong>St-Fraimbault-de-Pri\u00e8res<\/strong>).<\/h4>\n<p>&nbsp;<\/p>\n<p>&nbsp;<\/p>\n<p>&nbsp;<\/p>\n<p style=\"text-align: center;\">\n","protected":false},"excerpt":{"rendered":"<p>Ce que les si\u00e8cles et les hommes ont laiss\u00e9 de l&rsquo;antique Chapelle de St-Ursin. L&rsquo;eau distribu\u00e9e\u00a0provient de St-Ursin situ\u00e9 sur le territoire communal de Ligni\u00e8res-Org\u00e8res en Mayenne. \u00a0\u00a0\u00a0\u00a0\u00a0\u00a0\u00a0\u00a0\u00a0\u00a0\u00a0\u00a0\u00a0\u00a0\u00a0\u00a0\u00a0\u00a0\u00a0\u00a0\u00a0\u00a0\u00a0\u00a0\u00a0\u00a0\u00a0\u00a0\u00a0\u00a0\u00a0\u00a0\u00a0\u00a0\u00a0\u00a0\u00a0\u00a0\u00a0\u00a0\u00a0\u00a0\u00a0\u00a0\u00a0\u00a0\u00a0\u00a0\u00a0\u00a0\u00a0\u00a0\u00a0\u00a0\u00a0\u00a0\u00a0\u00a0\u00a0\u00a0\u00a0\u00a0\u00a0\u00a0\u00a0\u00a0 ______________________________ Outre le captage de St-Ursin, le Syndicat, par une interconnexion de r\u00e9seaux, peut prendre de l&rsquo;eau aupr\u00e8s du Syndicat mixte d&rsquo;achat d&rsquo;eau \u00e0 la Mayenne (Barrage &hellip; <\/p>\n<p><a class=\"more-link btn\" href=\"https:\/\/www.regieeauetassainissement-bagnolesdelorne.com\/?page_id=81\">Lire la suite<\/a><\/p>\n","protected":false},"author":2,"featured_media":0,"parent":0,"menu_order":10,"comment_status":"closed","ping_status":"closed","template":"","meta":{"footnotes":""},"class_list":["post-81","page","type-page","status-publish","hentry","nodate","item-wrap"],"_links":{"self":[{"href":"https:\/\/www.regieeauetassainissement-bagnolesdelorne.com\/index.php?rest_route=\/wp\/v2\/pages\/81","targetHints":{"allow":["GET"]}}],"collection":[{"href":"https:\/\/www.regieeauetassainissement-bagnolesdelorne.com\/index.php?rest_route=\/wp\/v2\/pages"}],"about":[{"href":"https:\/\/www.regieeauetassainissement-bagnolesdelorne.com\/index.php?rest_route=\/wp\/v2\/types\/page"}],"author":[{"embeddable":true,"href":"https:\/\/www.regieeauetassainissement-bagnolesdelorne.com\/index.php?rest_route=\/wp\/v2\/users\/2"}],"replies":[{"embeddable":true,"href":"https:\/\/www.regieeauetassainissement-bagnolesdelorne.com\/index.php?rest_route=%2Fwp%2Fv2%2Fcomments&post=81"}],"version-history":[{"count":23,"href":"https:\/\/www.regieeauetassainissement-bagnolesdelorne.com\/index.php?rest_route=\/wp\/v2\/pages\/81\/revisions"}],"predecessor-version":[{"id":1224,"href":"https:\/\/www.regieeauetassainissement-bagnolesdelorne.com\/index.php?rest_route=\/wp\/v2\/pages\/81\/revisions\/1224"}],"wp:attachment":[{"href":"https:\/\/www.regieeauetassainissement-bagnolesdelorne.com\/index.php?rest_route=%2Fwp%2Fv2%2Fmedia&parent=81"}],"curies":[{"name":"wp","href":"https:\/\/api.w.org\/{rel}","templated":true}]}}