{"id":1339,"date":"2018-09-06T10:22:53","date_gmt":"2018-09-06T09:22:53","guid":{"rendered":"http:\/\/www.siea-bagnolesdelorne.fr\/?page_id=1339"},"modified":"2026-04-01T09:47:36","modified_gmt":"2026-04-01T08:47:36","slug":"paiement-des-factures","status":"publish","type":"page","link":"https:\/\/www.regieeauetassainissement-bagnolesdelorne.com\/?page_id=1339","title":{"rendered":"Paiement des factures"},"content":{"rendered":"<p><strong>MODALITES DE PAIEMENT:<br \/>\n<\/strong><\/p>\n<p>1- <strong>Par Titre Interbancaire de paiement SEPA (TIP SEPA)<\/strong> : dater et signer le TIP dans le cadre pr\u00e9vu \u00e0 cet effet.<\/p>\n<p>Si la mention \u00ab\u00a0Joindre un RIB\u00a0\u00bb figure sur le TIP ou si vos coordonn\u00e9es bancaires ont chang\u00e9, n&rsquo;oubliez pas de joindre un RIB ou un IBAN sans le coller ni l&rsquo;agrafer et sans aucun autre document.<\/p>\n<p>Envoyer votre paiement \u00e0 l&rsquo;aide de l&rsquo;enveloppe jointe en faisant appara\u00eetre l&rsquo;adresse du centre d&rsquo;encaissement du centre d&rsquo;encaissement dans le cadre pr\u00e9vu.<\/p>\n<p>2 &#8211; <strong>Par Internet <\/strong>: en vous connectant sur www.regieeauetassainissement-bagnolesdelorne.com<\/p>\n<p>Identifiant Collectivit\u00e9 : <strong>011310<\/strong><\/p>\n<p>Accessible 7j\/7 &#8211; 24H\/24 et sans formalit\u00e9s pr\u00e9alables. Dans la rubrique <strong>\u00ab\u00a0<a href=\"https:\/\/www.regieeauetassainissement-bagnolesdelorne.com\/?page_id=172\">T\u00e9l\u00e9paiement<\/a>\u00ab\u00a0<\/strong> : indiquer le code collectivit\u00e9, la r\u00e9f\u00e9rence de votre facture et les coordonn\u00e9es de votre carte bancaire en cours de validit\u00e9,<\/p>\n<p>3 &#8211; <strong>Par ch\u00e8que <\/strong>libell\u00e9 \u00e0 l&rsquo;ordre du Tr\u00e9sor Public <strong>:<span style=\"color: #000000;\"> joindre le talon TIP sans l&rsquo;agrafer ni le coller et sans rien indiqu\u00e9 dessus \u00e0 l&rsquo;aide de l&rsquo;enveloppe ci-jointe<\/span><\/strong><\/p>\n<p>4 &#8211; <strong>Par virement : \u00e0 partir du 01\/01\/2023 changement d&rsquo;IBAN<br \/>\n<\/strong><\/p>\n<p><span style=\"color: #000000;\">Banque de France : 30001\/00392\/E6150000000 53<br \/>\n<\/span><\/p>\n<p><span style=\"color: #000000;\">BIC: BDFEFRPPCCT<\/span><\/p>\n<p><span style=\"color: #000000;\">IBAN: FR36 3000 1003 92E6 1500 0000 053<\/span><\/p>\n<p><span style=\"color: #ff0000;\">Pour toute demande concernant le paiement ou demande d&rsquo;\u00e9talement de\u00a0 vos factures, joindre le Service de Gestion Comptable de Flers au 02 33 62 14 50<\/span><\/p>\n","protected":false},"excerpt":{"rendered":"<p>MODALITES DE PAIEMENT: 1- Par Titre Interbancaire de paiement SEPA (TIP SEPA) : dater et signer le TIP dans le cadre pr\u00e9vu \u00e0 cet effet. Si la mention \u00ab\u00a0Joindre un RIB\u00a0\u00bb figure sur le TIP ou si vos coordonn\u00e9es bancaires ont chang\u00e9, n&rsquo;oubliez pas de joindre un RIB ou un IBAN sans le coller ni &hellip; <\/p>\n<p><a class=\"more-link btn\" href=\"https:\/\/www.regieeauetassainissement-bagnolesdelorne.com\/?page_id=1339\">Lire la suite<\/a><\/p>\n","protected":false},"author":3,"featured_media":0,"parent":1304,"menu_order":0,"comment_status":"closed","ping_status":"closed","template":"","meta":{"footnotes":""},"class_list":["post-1339","page","type-page","status-publish","hentry","nodate","item-wrap"],"_links":{"self":[{"href":"https:\/\/www.regieeauetassainissement-bagnolesdelorne.com\/index.php?rest_route=\/wp\/v2\/pages\/1339","targetHints":{"allow":["GET"]}}],"collection":[{"href":"https:\/\/www.regieeauetassainissement-bagnolesdelorne.com\/index.php?rest_route=\/wp\/v2\/pages"}],"about":[{"href":"https:\/\/www.regieeauetassainissement-bagnolesdelorne.com\/index.php?rest_route=\/wp\/v2\/types\/page"}],"author":[{"embeddable":true,"href":"https:\/\/www.regieeauetassainissement-bagnolesdelorne.com\/index.php?rest_route=\/wp\/v2\/users\/3"}],"replies":[{"embeddable":true,"href":"https:\/\/www.regieeauetassainissement-bagnolesdelorne.com\/index.php?rest_route=%2Fwp%2Fv2%2Fcomments&post=1339"}],"version-history":[{"count":13,"href":"https:\/\/www.regieeauetassainissement-bagnolesdelorne.com\/index.php?rest_route=\/wp\/v2\/pages\/1339\/revisions"}],"predecessor-version":[{"id":2141,"href":"https:\/\/www.regieeauetassainissement-bagnolesdelorne.com\/index.php?rest_route=\/wp\/v2\/pages\/1339\/revisions\/2141"}],"up":[{"embeddable":true,"href":"https:\/\/www.regieeauetassainissement-bagnolesdelorne.com\/index.php?rest_route=\/wp\/v2\/pages\/1304"}],"wp:attachment":[{"href":"https:\/\/www.regieeauetassainissement-bagnolesdelorne.com\/index.php?rest_route=%2Fwp%2Fv2%2Fmedia&parent=1339"}],"curies":[{"name":"wp","href":"https:\/\/api.w.org\/{rel}","templated":true}]}}