{"id":1336,"date":"2018-09-06T10:20:13","date_gmt":"2018-09-06T09:20:13","guid":{"rendered":"http:\/\/www.siea-bagnolesdelorne.fr\/?page_id=1336"},"modified":"2018-09-10T11:21:37","modified_gmt":"2018-09-10T10:21:37","slug":"consommation","status":"publish","type":"page","link":"https:\/\/www.regieeauetassainissement-bagnolesdelorne.com\/?page_id=1336","title":{"rendered":"Consommation"},"content":{"rendered":"<h3><span style=\"color: #333399;\">CONSOMMATION MOYENNE PAR USAGE<\/span><\/h3>\n<table border=\"0\" width=\"100%\" cellspacing=\"0\" cellpadding=\"0\">\n<tbody>\n<tr>\n<td align=\"left\" valign=\"top\" width=\"100%\">\n<ul type=\"disc\">\n<li>Douche de 3 \u00e0 6 minutes : 40 \u00e0 80 l<\/li>\n<li>Bain : de 150 \u00e0 200 l<\/li>\n<li>Chasse d&rsquo;eau : de 6 \u00e0 12 l<\/li>\n<li>Lave linge : 100 \u00e0 200 l<\/li>\n<li>Lavage auto : 60 \u00e0 80 l<\/li>\n<li>Lave vaisselle : 20 \u00e0 30 l<\/li>\n<\/ul>\n<\/td>\n<\/tr>\n<\/tbody>\n<\/table>\n<div>\n<h3 align=\"left\"><span style=\"color: #333399;\"><strong>Les fuites<\/strong> :<\/span><\/h3>\n<p><em>Un goutte \u00e0 goutte<\/em> : 4 litres\/Heure, soit 35 m3 par an,<br \/>\n<em>Un mince filet d&rsquo;eau<\/em> : 16 litres\/Heure, soit 140 m3 par an,<br \/>\n<em>Une chasse d&rsquo;eau<\/em> : 25 litres\/Heure, soit 219 m3 par an.<\/p>\n<p>[notice]1 &#8211; <strong>Surveillez votre consommation, m\u00eame en cas de fuite, le volume enregistr\u00e9 vous sera factur\u00e9 <\/strong>(Une ou deux fois par an, il faut, avant de se coucher, relever l&rsquo;index du compteur existant en ayant v\u00e9rifi\u00e9 qu&rsquo;aucune utilisation d&rsquo;eau n&rsquo;est en cours. Au r\u00e9veil, s&rsquo;il y a eu modification de l&rsquo;index, cela laisse supposer une fuite qu&rsquo;il reste \u00e0 localiser ou \u00e9ventuellement un retour d&rsquo;eau).<\/p>\n<p>2 &#8211; <strong>GEL &#8211; Pensez \u00e0 prot\u00e9ger vos installations. <\/strong>[\/notice]<\/p>\n<h3 align=\"left\"><strong><span style=\"color: #333399;\">La pression de l&rsquo;eau :<\/span> <\/strong><\/h3>\n<\/div>\n<h4>Si la pression de l&rsquo;eau de votre habitation est trop importante (sup\u00e9rieure \u00e0 3,5 Bar), elle peut endommager vos canalisations et entra\u00eener des probl\u00e8mes sur certains de vos appareils, en particulier les ballons d&rsquo;eau chaude. Pour savoir si vous avez besoin d&rsquo;un r\u00e9ducteur de pression, vous pouvez faire appel \u00e0 un plombier qui \u00e9tablira un devis sans engagement de votre part.<\/h4>\n","protected":false},"excerpt":{"rendered":"<p>CONSOMMATION MOYENNE PAR USAGE Douche de 3 \u00e0 6 minutes : 40 \u00e0 80 l Bain : de 150 \u00e0 200 l Chasse d&rsquo;eau : de 6 \u00e0 12 l Lave linge : 100 \u00e0 200 l Lavage auto : 60 \u00e0 80 l Lave vaisselle : 20 \u00e0 30 l Les fuites : Un &hellip; <\/p>\n<p><a class=\"more-link btn\" href=\"https:\/\/www.regieeauetassainissement-bagnolesdelorne.com\/?page_id=1336\">Lire la suite<\/a><\/p>\n","protected":false},"author":3,"featured_media":0,"parent":133,"menu_order":0,"comment_status":"closed","ping_status":"closed","template":"","meta":{"footnotes":""},"class_list":["post-1336","page","type-page","status-publish","hentry","nodate","item-wrap"],"_links":{"self":[{"href":"https:\/\/www.regieeauetassainissement-bagnolesdelorne.com\/index.php?rest_route=\/wp\/v2\/pages\/1336","targetHints":{"allow":["GET"]}}],"collection":[{"href":"https:\/\/www.regieeauetassainissement-bagnolesdelorne.com\/index.php?rest_route=\/wp\/v2\/pages"}],"about":[{"href":"https:\/\/www.regieeauetassainissement-bagnolesdelorne.com\/index.php?rest_route=\/wp\/v2\/types\/page"}],"author":[{"embeddable":true,"href":"https:\/\/www.regieeauetassainissement-bagnolesdelorne.com\/index.php?rest_route=\/wp\/v2\/users\/3"}],"replies":[{"embeddable":true,"href":"https:\/\/www.regieeauetassainissement-bagnolesdelorne.com\/index.php?rest_route=%2Fwp%2Fv2%2Fcomments&post=1336"}],"version-history":[{"count":4,"href":"https:\/\/www.regieeauetassainissement-bagnolesdelorne.com\/index.php?rest_route=\/wp\/v2\/pages\/1336\/revisions"}],"predecessor-version":[{"id":1393,"href":"https:\/\/www.regieeauetassainissement-bagnolesdelorne.com\/index.php?rest_route=\/wp\/v2\/pages\/1336\/revisions\/1393"}],"up":[{"embeddable":true,"href":"https:\/\/www.regieeauetassainissement-bagnolesdelorne.com\/index.php?rest_route=\/wp\/v2\/pages\/133"}],"wp:attachment":[{"href":"https:\/\/www.regieeauetassainissement-bagnolesdelorne.com\/index.php?rest_route=%2Fwp%2Fv2%2Fmedia&parent=1336"}],"curies":[{"name":"wp","href":"https:\/\/api.w.org\/{rel}","templated":true}]}}