{"id":1329,"date":"2018-09-06T10:03:49","date_gmt":"2018-09-06T09:03:49","guid":{"rendered":"http:\/\/www.siea-bagnolesdelorne.fr\/?page_id=1329"},"modified":"2019-09-19T09:13:55","modified_gmt":"2019-09-19T08:13:55","slug":"travaux","status":"publish","type":"page","link":"https:\/\/www.regieeauetassainissement-bagnolesdelorne.com\/?page_id=1329","title":{"rendered":"Travaux"},"content":{"rendered":"<h4>2015<\/h4>\n<p>R\u00e9habilitation des r\u00e9seaux d&rsquo;eaux pluviales et d&rsquo;eaux us\u00e9es<br \/>\nsur le secteur HLM du Bd Lemeunier de la Raill\u00e8re \u00e0 Bagnoles de l&rsquo;Orne Normandie<img loading=\"lazy\" decoding=\"async\" class=\"size-medium wp-image-611 aligncenter\" src=\"https:\/\/www.regieeauetassainissement-bagnolesdelorne.com\/wp-content\/uploads\/IMG_1588-300x225.jpg\" alt=\"\" width=\"300\" height=\"225\" \/><img loading=\"lazy\" decoding=\"async\" class=\"alignleft size-medium wp-image-612\" src=\"https:\/\/www.regieeauetassainissement-bagnolesdelorne.com\/wp-content\/uploads\/IMG_1589-300x225.jpg\" alt=\"\" width=\"300\" height=\"225\" \/><\/p>\n<p><img loading=\"lazy\" decoding=\"async\" class=\"alignleft size-medium wp-image-618\" src=\"https:\/\/www.regieeauetassainissement-bagnolesdelorne.com\/wp-content\/uploads\/IMG_1595-300x225.jpg\" alt=\"\" width=\"300\" height=\"225\" \/><\/p>\n<p>&nbsp;<\/p>\n<p>&nbsp;<\/p>\n<p>&nbsp;<\/p>\n<p>&nbsp;<\/p>\n<p>&nbsp;<\/p>\n<p>&nbsp;<\/p>\n<h4>2014<\/h4>\n<p>R\u00e9habilitation des r\u00e9seaux rue des Casinos et rues adjacentes.<\/p>\n<p><img loading=\"lazy\" decoding=\"async\" class=\"alignleft size-medium wp-image-665\" src=\"https:\/\/www.regieeauetassainissement-bagnolesdelorne.com\/wp-content\/uploads\/IMG_1489-225x300.jpg\" alt=\"\" width=\"225\" height=\"300\" \/> <img loading=\"lazy\" decoding=\"async\" class=\"alignleft size-medium wp-image-667\" src=\"https:\/\/www.regieeauetassainissement-bagnolesdelorne.com\/wp-content\/uploads\/IMG_1483-225x300.jpg\" alt=\"\" width=\"225\" height=\"300\" \/> <img loading=\"lazy\" decoding=\"async\" class=\"alignleft size-medium wp-image-668\" src=\"https:\/\/www.regieeauetassainissement-bagnolesdelorne.com\/wp-content\/uploads\/IMG_1515-225x300.jpg\" alt=\"\" width=\"225\" height=\"300\" \/><\/p>\n","protected":false},"excerpt":{"rendered":"<p>2015 R\u00e9habilitation des r\u00e9seaux d&rsquo;eaux pluviales et d&rsquo;eaux us\u00e9es sur le secteur HLM du Bd Lemeunier de la Raill\u00e8re \u00e0 Bagnoles de l&rsquo;Orne Normandie &nbsp; &nbsp; &nbsp; &nbsp; &nbsp; &nbsp; 2014 R\u00e9habilitation des r\u00e9seaux rue des Casinos et rues adjacentes.<\/p>\n","protected":false},"author":3,"featured_media":0,"parent":133,"menu_order":0,"comment_status":"closed","ping_status":"closed","template":"","meta":{"footnotes":""},"class_list":["post-1329","page","type-page","status-publish","hentry","nodate","item-wrap"],"_links":{"self":[{"href":"https:\/\/www.regieeauetassainissement-bagnolesdelorne.com\/index.php?rest_route=\/wp\/v2\/pages\/1329","targetHints":{"allow":["GET"]}}],"collection":[{"href":"https:\/\/www.regieeauetassainissement-bagnolesdelorne.com\/index.php?rest_route=\/wp\/v2\/pages"}],"about":[{"href":"https:\/\/www.regieeauetassainissement-bagnolesdelorne.com\/index.php?rest_route=\/wp\/v2\/types\/page"}],"author":[{"embeddable":true,"href":"https:\/\/www.regieeauetassainissement-bagnolesdelorne.com\/index.php?rest_route=\/wp\/v2\/users\/3"}],"replies":[{"embeddable":true,"href":"https:\/\/www.regieeauetassainissement-bagnolesdelorne.com\/index.php?rest_route=%2Fwp%2Fv2%2Fcomments&post=1329"}],"version-history":[{"count":8,"href":"https:\/\/www.regieeauetassainissement-bagnolesdelorne.com\/index.php?rest_route=\/wp\/v2\/pages\/1329\/revisions"}],"predecessor-version":[{"id":1332,"href":"https:\/\/www.regieeauetassainissement-bagnolesdelorne.com\/index.php?rest_route=\/wp\/v2\/pages\/1329\/revisions\/1332"}],"up":[{"embeddable":true,"href":"https:\/\/www.regieeauetassainissement-bagnolesdelorne.com\/index.php?rest_route=\/wp\/v2\/pages\/133"}],"wp:attachment":[{"href":"https:\/\/www.regieeauetassainissement-bagnolesdelorne.com\/index.php?rest_route=%2Fwp%2Fv2%2Fmedia&parent=1329"}],"curies":[{"name":"wp","href":"https:\/\/api.w.org\/{rel}","templated":true}]}}