{"id":107,"date":"2012-02-24T15:06:09","date_gmt":"2012-02-24T14:06:09","guid":{"rendered":"http:\/\/www.siea-bagnolesdelorne.fr\/?page_id=107"},"modified":"2018-09-07T11:18:41","modified_gmt":"2018-09-07T10:18:41","slug":"reseaux-de-collecte","status":"publish","type":"page","link":"https:\/\/www.regieeauetassainissement-bagnolesdelorne.com\/?page_id=107","title":{"rendered":"R\u00e9seaux de collecte"},"content":{"rendered":"<h4 align=\"left\">Les collecteurs sont principalement de type unitaire c&rsquo;est \u00e0 dire qu&rsquo;ils r\u00e9cup\u00e8rent \u00e0 la fois les eaux us\u00e9es et une partie des eaux pluviales.<\/h4>\n<h4>Ils repr\u00e9sentent une longueur de 40 kilom\u00e8tres.<\/h4>\n<h4>1.485 abonn\u00e9s sont desservis par le r\u00e9seau assainissement .<\/h4>\n","protected":false},"excerpt":{"rendered":"<p>Les collecteurs sont principalement de type unitaire c&rsquo;est \u00e0 dire qu&rsquo;ils r\u00e9cup\u00e8rent \u00e0 la fois les eaux us\u00e9es et une partie des eaux pluviales. Ils repr\u00e9sentent une longueur de 40 kilom\u00e8tres. 1.485 abonn\u00e9s sont desservis par le r\u00e9seau assainissement .<\/p>\n","protected":false},"author":2,"featured_media":0,"parent":105,"menu_order":10,"comment_status":"closed","ping_status":"closed","template":"template-onecolumn.php","meta":{"footnotes":""},"class_list":["post-107","page","type-page","status-publish","hentry","nodate","item-wrap"],"_links":{"self":[{"href":"https:\/\/www.regieeauetassainissement-bagnolesdelorne.com\/index.php?rest_route=\/wp\/v2\/pages\/107","targetHints":{"allow":["GET"]}}],"collection":[{"href":"https:\/\/www.regieeauetassainissement-bagnolesdelorne.com\/index.php?rest_route=\/wp\/v2\/pages"}],"about":[{"href":"https:\/\/www.regieeauetassainissement-bagnolesdelorne.com\/index.php?rest_route=\/wp\/v2\/types\/page"}],"author":[{"embeddable":true,"href":"https:\/\/www.regieeauetassainissement-bagnolesdelorne.com\/index.php?rest_route=\/wp\/v2\/users\/2"}],"replies":[{"embeddable":true,"href":"https:\/\/www.regieeauetassainissement-bagnolesdelorne.com\/index.php?rest_route=%2Fwp%2Fv2%2Fcomments&post=107"}],"version-history":[{"count":8,"href":"https:\/\/www.regieeauetassainissement-bagnolesdelorne.com\/index.php?rest_route=\/wp\/v2\/pages\/107\/revisions"}],"predecessor-version":[{"id":1370,"href":"https:\/\/www.regieeauetassainissement-bagnolesdelorne.com\/index.php?rest_route=\/wp\/v2\/pages\/107\/revisions\/1370"}],"up":[{"embeddable":true,"href":"https:\/\/www.regieeauetassainissement-bagnolesdelorne.com\/index.php?rest_route=\/wp\/v2\/pages\/105"}],"wp:attachment":[{"href":"https:\/\/www.regieeauetassainissement-bagnolesdelorne.com\/index.php?rest_route=%2Fwp%2Fv2%2Fmedia&parent=107"}],"curies":[{"name":"wp","href":"https:\/\/api.w.org\/{rel}","templated":true}]}}